{"id":126,"date":"2025-10-15T19:51:35","date_gmt":"2025-10-15T19:51:35","guid":{"rendered":"https:\/\/facili-services.fr\/?page_id=126"},"modified":"2026-02-14T07:23:57","modified_gmt":"2026-02-14T07:23:57","slug":"page-professionnel","status":"publish","type":"page","link":"https:\/\/facili-services.fr\/?page_id=126","title":{"rendered":"Page Facili&rsquo;Services Asso"},"content":{"rendered":"\t\t<div data-elementor-type=\"wp-page\" data-elementor-id=\"126\" class=\"elementor elementor-126\">\n\t\t\t\t<div class=\"elementor-element elementor-element-e6d956c e-flex e-con-boxed e-con e-parent\" data-id=\"e6d956c\" data-element_type=\"container\" data-e-type=\"container\">\n\t\t\t\t\t<div class=\"e-con-inner\">\n\t\t\t\t<div class=\"elementor-element elementor-element-cfec313 elementor-widget elementor-widget-heading\" data-id=\"cfec313\" data-element_type=\"widget\" data-e-type=\"widget\" data-widget_type=\"heading.default\">\n\t\t\t\t\t<h2 class=\"elementor-heading-title elementor-size-default\">Facili'Services Asso - Accompagnement Retraite <\/h2>\t\t\t\t<\/div>\n\t\t\t\t\t<\/div>\n\t\t\t\t<\/div>\n\t\t<div class=\"elementor-element elementor-element-5cd6090 e-flex e-con-boxed e-con e-parent\" data-id=\"5cd6090\" data-element_type=\"container\" data-e-type=\"container\">\n\t\t\t\t\t<div class=\"e-con-inner\">\n\t\t\t\t<div class=\"elementor-element elementor-element-7541410 elementor-widget elementor-widget-heading\" data-id=\"7541410\" data-element_type=\"widget\" data-e-type=\"widget\" data-widget_type=\"heading.default\">\n\t\t\t\t\t<h2 class=\"elementor-heading-title elementor-size-default\">\nUn appui retraite au service des habitants et des structures locales<\/h2>\t\t\t\t<\/div>\n\t\t\t\t\t<\/div>\n\t\t\t\t<\/div>\n\t\t<div class=\"elementor-element elementor-element-c083c21 e-flex e-con-boxed e-con e-parent\" data-id=\"c083c21\" data-element_type=\"container\" data-e-type=\"container\">\n\t\t\t\t\t<div class=\"e-con-inner\">\n\t\t\t\t<div class=\"elementor-element elementor-element-a4ed5c9 elementor-widget elementor-widget-text-editor\" data-id=\"a4ed5c9\" data-element_type=\"widget\" data-e-type=\"widget\" data-widget_type=\"text-editor.default\">\n\t\t\t\t\t\t\t\t\t<p>\u00a0<\/p><p data-start=\"465\" data-end=\"583\">Comprendre sa retraite, v\u00e9rifier sa carri\u00e8re ou pr\u00e9parer son d\u00e9part peut vite devenir complexe et source d\u2019inqui\u00e9tude.<\/p><p data-start=\"585\" data-end=\"771\">L\u2019association <span class=\"hover:entity-accent entity-underline inline cursor-pointer align-baseline\"><span class=\"whitespace-normal\">Facili&rsquo;Services Asso<\/span><\/span> propose des temps d\u2019information et d\u2019orientation pour aider les personnes \u00e0 mieux comprendre leurs droits et leurs d\u00e9marches retraite.<\/p><p data-start=\"773\" data-end=\"989\">Forte de 15 ann\u00e9es d\u2019exp\u00e9rience au sein de la CNAV et d\u2019un parcours dans l\u2019accompagnement administratif et associatif, l\u2019association agit pour rendre les d\u00e9marches plus accessibles, plus lisibles et moins anxiog\u00e8nes.<\/p><p data-start=\"991\" data-end=\"1092\">Les permanences sont ouvertes \u00e0 toute personne ayant besoin d\u2019un \u00e9clairage sur sa situation retraite.<\/p>\t\t\t\t\t\t\t\t<\/div>\n\t\t\t\t\t<\/div>\n\t\t\t\t<\/div>\n\t\t<div class=\"elementor-element elementor-element-b742a7f e-flex e-con-boxed e-con e-parent\" data-id=\"b742a7f\" data-element_type=\"container\" data-e-type=\"container\">\n\t\t\t\t\t<div class=\"e-con-inner\">\n\t\t<div class=\"elementor-element elementor-element-65c8e7f e-con-full e-flex e-con e-child\" data-id=\"65c8e7f\" data-element_type=\"container\" data-e-type=\"container\">\n\t\t\t\t<div class=\"elementor-element elementor-element-c416f29 elementor-widget elementor-widget-text-editor\" data-id=\"c416f29\" data-element_type=\"widget\" data-e-type=\"widget\" data-widget_type=\"text-editor.default\">\n\t\t\t\t\t\t\t\t\t<h3 data-start=\"1001\" data-end=\"1027\">Ce que propose l&rsquo;association :<\/h3><p data-start=\"1131\" data-end=\"1159\">L\u2019association met en place :<\/p><ul data-start=\"1161\" data-end=\"1439\"><li data-start=\"1161\" data-end=\"1211\"><p data-start=\"1163\" data-end=\"1211\">des permanences d\u2019information retraite locales<\/p><\/li><li data-start=\"1212\" data-end=\"1264\"><p data-start=\"1214\" data-end=\"1264\">un temps d\u2019\u00e9coute et d\u2019explication des d\u00e9marches<\/p><\/li><li data-start=\"1265\" data-end=\"1322\"><p data-start=\"1267\" data-end=\"1322\">une aide \u00e0 la compr\u00e9hension des courriers des caisses<\/p><\/li><li data-start=\"1323\" data-end=\"1371\"><p data-start=\"1325\" data-end=\"1371\">une orientation vers les bons interlocuteurs<\/p><\/li><li data-start=\"1372\" data-end=\"1439\"><p data-start=\"1374\" data-end=\"1439\">un premier niveau d\u2019accompagnement pour s\u00e9curiser les d\u00e9marches<\/p><\/li><\/ul><p data-start=\"1441\" data-end=\"1536\">Ces temps permettent de mieux comprendre sa situation et de savoir comment avancer sereinement.<\/p>\t\t\t\t\t\t\t\t<\/div>\n\t\t\t\t<\/div>\n\t\t<div class=\"elementor-element elementor-element-9beabe9 e-con-full e-flex e-con e-child\" data-id=\"9beabe9\" data-element_type=\"container\" data-e-type=\"container\">\n\t\t\t\t<div class=\"elementor-element elementor-element-d9643d0 elementor-widget elementor-widget-image\" data-id=\"d9643d0\" data-element_type=\"widget\" data-e-type=\"widget\" data-widget_type=\"image.default\">\n\t\t\t\t\t\t\t\t\t\t\t\t\t\t\t<img fetchpriority=\"high\" decoding=\"async\" width=\"675\" height=\"1024\" src=\"https:\/\/facili-services.fr\/wp-content\/uploads\/2025\/10\/image-pro-2-675x1024.jpg\" class=\"attachment-large size-large wp-image-195\" alt=\"\" srcset=\"https:\/\/facili-services.fr\/wp-content\/uploads\/2025\/10\/image-pro-2-675x1024.jpg 675w, https:\/\/facili-services.fr\/wp-content\/uploads\/2025\/10\/image-pro-2-198x300.jpg 198w, https:\/\/facili-services.fr\/wp-content\/uploads\/2025\/10\/image-pro-2.jpg 748w\" sizes=\"(max-width: 675px) 100vw, 675px\" \/>\t\t\t\t\t\t\t\t\t\t\t\t\t\t\t<\/div>\n\t\t\t\t<\/div>\n\t\t<div class=\"elementor-element elementor-element-9e8d0f7 e-con-full e-flex e-con e-child\" data-id=\"9e8d0f7\" data-element_type=\"container\" data-e-type=\"container\">\n\t\t\t\t<div class=\"elementor-element elementor-element-1019086 elementor-widget elementor-widget-text-editor\" data-id=\"1019086\" data-element_type=\"widget\" data-e-type=\"widget\" data-widget_type=\"text-editor.default\">\n\t\t\t\t\t\t\t\t\t<h3 data-start=\"1465\" data-end=\"1503\">Pour qui ?<\/h3><p data-start=\"1557\" data-end=\"1596\">Ces permanences s\u2019adressent notamment :<\/p><ul data-start=\"1598\" data-end=\"1823\"><li data-start=\"1598\" data-end=\"1631\"><p data-start=\"1600\" data-end=\"1631\">aux salari\u00e9s du secteur priv\u00e9<\/p><\/li><li data-start=\"1632\" data-end=\"1656\"><p data-start=\"1634\" data-end=\"1656\">aux futurs retrait\u00e9s<\/p><\/li><li data-start=\"1657\" data-end=\"1712\"><p data-start=\"1659\" data-end=\"1712\">aux personnes ayant des questions sur leur carri\u00e8re<\/p><\/li><li data-start=\"1713\" data-end=\"1764\"><p data-start=\"1715\" data-end=\"1764\">aux proches aidant un parent dans ses d\u00e9marches<\/p><\/li><li data-start=\"1765\" data-end=\"1823\"><p data-start=\"1767\" data-end=\"1823\">aux personnes peu \u00e0 l\u2019aise avec les d\u00e9marches en ligne<\/p><\/li><\/ul><p data-start=\"1825\" data-end=\"1900\">Toute personne peut venir s\u2019informer, poser ses questions et \u00eatre orient\u00e9e.<\/p>\t\t\t\t\t\t\t\t<\/div>\n\t\t\t\t<\/div>\n\t\t\t\t\t<\/div>\n\t\t\t\t<\/div>\n\t\t<div class=\"elementor-element elementor-element-958e497 e-flex e-con-boxed e-con e-parent\" data-id=\"958e497\" data-element_type=\"container\" data-e-type=\"container\">\n\t\t\t\t\t<div class=\"e-con-inner\">\n\t\t<div class=\"elementor-element elementor-element-4f5e784 e-con-full e-flex e-con e-child\" data-id=\"4f5e784\" data-element_type=\"container\" data-e-type=\"container\">\n\t\t\t\t<div class=\"elementor-element elementor-element-51b753b elementor-widget elementor-widget-text-editor\" data-id=\"51b753b\" data-element_type=\"widget\" data-e-type=\"widget\" data-widget_type=\"text-editor.default\">\n\t\t\t\t\t\t\t\t\t<h3 data-start=\"2064\" data-end=\"2092\"><br \/>Fonctionnement des permanences<\/h3><p data-start=\"1941\" data-end=\"2008\">Les permanences sont propos\u00e9es dans certaines communes partenaires : Vitry-sur-Seine, Chois le Roi et Orly<\/p><p data-start=\"2010\" data-end=\"2117\">\ud83d\udc49 Si vous r\u00e9sidez dans une commune concern\u00e9e, l\u2019information d\u00e9livr\u00e9e lors de ces permanences est gratuite.<\/p><p data-start=\"2119\" data-end=\"2333\">\ud83d\udc49 Si vous habitez en dehors de ces communes ou si vous souhaitez un accompagnement individuel approfondi et un suivi de dossier, des prestations personnalis\u00e9es peuvent \u00eatre propos\u00e9es en dehors du cadre associatif.<\/p>\t\t\t\t\t\t\t\t<\/div>\n\t\t\t\t<\/div>\n\t\t<div class=\"elementor-element elementor-element-54051f1 e-con-full e-flex e-con e-child\" data-id=\"54051f1\" data-element_type=\"container\" data-e-type=\"container\">\n\t\t\t\t<div class=\"elementor-element elementor-element-af02395 elementor-widget elementor-widget-image\" data-id=\"af02395\" data-element_type=\"widget\" data-e-type=\"widget\" data-widget_type=\"image.default\">\n\t\t\t\t\t\t\t\t\t\t\t\t\t\t\t<img decoding=\"async\" width=\"1024\" height=\"683\" src=\"https:\/\/facili-services.fr\/wp-content\/uploads\/2025\/10\/image-pro-1.avif\" class=\"attachment-large size-large wp-image-194\" alt=\"\" \/>\t\t\t\t\t\t\t\t\t\t\t\t\t\t\t<\/div>\n\t\t\t\t<\/div>\n\t\t<div class=\"elementor-element elementor-element-e04009f e-con-full e-flex e-con e-child\" data-id=\"e04009f\" data-element_type=\"container\" data-e-type=\"container\">\n\t\t\t\t<div class=\"elementor-element elementor-element-4339223 elementor-widget elementor-widget-button\" data-id=\"4339223\" data-element_type=\"widget\" data-e-type=\"widget\" data-widget_type=\"button.default\">\n\t\t\t\t\t\t\t\t\t\t<a class=\"elementor-button elementor-button-link elementor-size-sm\" href=\"https:\/\/calendly.com\/facili-services\/30min\">\n\t\t\t\t\t\t<span class=\"elementor-button-content-wrapper\">\n\t\t\t\t\t\t\t\t\t<span class=\"elementor-button-text\">Rendez-vous<\/span>\n\t\t\t\t\t<\/span>\n\t\t\t\t\t<\/a>\n\t\t\t\t\t\t\t\t<\/div>\n\t\t\t\t<div class=\"elementor-element elementor-element-c88390d elementor-widget elementor-widget-button\" data-id=\"c88390d\" data-element_type=\"widget\" data-e-type=\"widget\" data-widget_type=\"button.default\">\n\t\t\t\t\t\t\t\t\t\t<a class=\"elementor-button elementor-button-link elementor-size-sm\" href=\"http:\/\/asso@facili-services.fr\">\n\t\t\t\t\t\t<span class=\"elementor-button-content-wrapper\">\n\t\t\t\t\t\t\t\t\t<span class=\"elementor-button-text\">Nous \u00e9crire<\/span>\n\t\t\t\t\t<\/span>\n\t\t\t\t\t<\/a>\n\t\t\t\t\t\t\t\t<\/div>\n\t\t\t\t<\/div>\n\t\t<div class=\"elementor-element elementor-element-5736d1c e-con-full e-flex e-con e-child\" data-id=\"5736d1c\" data-element_type=\"container\" data-e-type=\"container\">\n\t\t\t\t<div class=\"elementor-element elementor-element-f4be56e elementor-widget elementor-widget-text-editor\" data-id=\"f4be56e\" data-element_type=\"widget\" data-e-type=\"widget\" data-widget_type=\"text-editor.default\">\n\t\t\t\t\t\t\t\t\t<h3 data-start=\"2364\" data-end=\"2388\"><br \/>Adh\u00e9sion \u00e0 l&rsquo;association<\/h3><p data-start=\"444\" data-end=\"569\">L\u2019acc\u00e8s aux permanences de l\u2019association <span class=\"hover:entity-accent entity-underline inline cursor-pointer align-baseline\"><span class=\"whitespace-normal\">Facili&rsquo;Services Asso<\/span><\/span> se fait dans le cadre d\u2019une adh\u00e9sion annuelle.<\/p><p data-start=\"571\" data-end=\"796\">\ud83d\udc49 L\u2019adh\u00e9sion est fix\u00e9e \u00e0 <strong data-start=\"597\" data-end=\"612\">15 \u20ac par an<\/strong><br data-start=\"612\" data-end=\"615\" \/>\ud83d\udc49 Elle donne acc\u00e8s aux permanences d\u2019information et d\u2019orientation propos\u00e9es par l\u2019association<br data-start=\"709\" data-end=\"712\" \/>\ud83d\udc49 Elle permet de soutenir le fonctionnement et le d\u00e9veloppement des actions locales<\/p><p data-start=\"798\" data-end=\"872\">L\u2019adh\u00e9sion peut \u00eatre r\u00e9alis\u00e9e sur place lors de votre premier rendez-vous.<\/p>\t\t\t\t\t\t\t\t<\/div>\n\t\t\t\t<\/div>\n\t\t\t\t\t<\/div>\n\t\t\t\t<\/div>\n\t\t\t\t<\/div>\n\t\t","protected":false},"excerpt":{"rendered":"<p>Facili&rsquo;Services Asso &#8211; Accompagnement Retraite Un appui retraite au service des habitants et des structures locales \u00a0 Comprendre sa retraite, [&hellip;]<\/p>\n","protected":false},"author":1,"featured_media":0,"parent":0,"menu_order":0,"comment_status":"closed","ping_status":"closed","template":"","meta":{"om_disable_all_campaigns":false,"_monsterinsights_skip_tracking":false,"_monsterinsights_sitenote_active":false,"_monsterinsights_sitenote_note":"","_monsterinsights_sitenote_category":0,"site-sidebar-layout":"no-sidebar","site-content-layout":"","ast-site-content-layout":"full-width-container","site-content-style":"default","site-sidebar-style":"default","ast-global-header-display":"","ast-banner-title-visibility":"","ast-main-header-display":"","ast-hfb-above-header-display":"","ast-hfb-below-header-display":"","ast-hfb-mobile-header-display":"","site-post-title":"disabled","ast-breadcrumbs-content":"","ast-featured-img":"disabled","footer-sml-layout":"","theme-transparent-header-meta":"","adv-header-id-meta":"","stick-header-meta":"","header-above-stick-meta":"","header-main-stick-meta":"","header-below-stick-meta":"","astra-migrate-meta-layouts":"default","ast-page-background-enabled":"default","ast-page-background-meta":{"desktop":{"background-color":"var(--ast-global-color-5)","background-image":"","background-repeat":"repeat","background-position":"center center","background-size":"auto","background-attachment":"scroll","background-type":"","background-media":"","overlay-type":"","overlay-color":"","overlay-opacity":"","overlay-gradient":""},"tablet":{"background-color":"","background-image":"","background-repeat":"repeat","background-position":"center center","background-size":"auto","background-attachment":"scroll","background-type":"","background-media":"","overlay-type":"","overlay-color":"","overlay-opacity":"","overlay-gradient":""},"mobile":{"background-color":"","background-image":"","background-repeat":"repeat","background-position":"center center","background-size":"auto","background-attachment":"scroll","background-type":"","background-media":"","overlay-type":"","overlay-color":"","overlay-opacity":"","overlay-gradient":""}},"ast-content-background-meta":{"desktop":{"background-color":"var(--ast-global-color-4)","background-image":"","background-repeat":"repeat","background-position":"center center","background-size":"auto","background-attachment":"scroll","background-type":"","background-media":"","overlay-type":"","overlay-color":"","overlay-opacity":"","overlay-gradient":""},"tablet":{"background-color":"var(--ast-global-color-4)","background-image":"","background-repeat":"repeat","background-position":"center center","background-size":"auto","background-attachment":"scroll","background-type":"","background-media":"","overlay-type":"","overlay-color":"","overlay-opacity":"","overlay-gradient":""},"mobile":{"background-color":"var(--ast-global-color-4)","background-image":"","background-repeat":"repeat","background-position":"center center","background-size":"auto","background-attachment":"scroll","background-type":"","background-media":"","overlay-type":"","overlay-color":"","overlay-opacity":"","overlay-gradient":""}},"footnotes":""},"class_list":["post-126","page","type-page","status-publish","hentry"],"yoast_head":"<!-- This site is optimized with the Yoast SEO plugin v26.9 - https:\/\/yoast.com\/product\/yoast-seo-wordpress\/ -->\n<title>Page Facili&#039;Services Asso - Facili&#039;Services<\/title>\n<meta name=\"robots\" content=\"index, follow, max-snippet:-1, max-image-preview:large, max-video-preview:-1\" \/>\n<link rel=\"canonical\" href=\"https:\/\/facili-services.fr\/?page_id=126\" \/>\n<meta property=\"og:locale\" content=\"fr_FR\" \/>\n<meta property=\"og:type\" content=\"article\" \/>\n<meta property=\"og:title\" content=\"Page Facili&#039;Services Asso - Facili&#039;Services\" \/>\n<meta property=\"og:description\" content=\"Facili&rsquo;Services Asso &#8211; Accompagnement Retraite Un appui retraite au service des habitants et des structures locales \u00a0 Comprendre sa retraite, [&hellip;]\" \/>\n<meta property=\"og:url\" content=\"https:\/\/facili-services.fr\/?page_id=126\" \/>\n<meta property=\"og:site_name\" content=\"Facili&#039;Services\" \/>\n<meta property=\"article:modified_time\" content=\"2026-02-14T07:23:57+00:00\" \/>\n<meta property=\"og:image\" content=\"https:\/\/facili-services.fr\/wp-content\/uploads\/2025\/10\/image-pro-2-675x1024.jpg\" \/>\n<meta name=\"twitter:card\" content=\"summary_large_image\" \/>\n<meta name=\"twitter:label1\" content=\"Dur\u00e9e de lecture estim\u00e9e\" \/>\n\t<meta name=\"twitter:data1\" content=\"3 minutes\" \/>\n<script type=\"application\/ld+json\" class=\"yoast-schema-graph\">{\"@context\":\"https:\/\/schema.org\",\"@graph\":[{\"@type\":\"WebPage\",\"@id\":\"https:\/\/facili-services.fr\/?page_id=126\",\"url\":\"https:\/\/facili-services.fr\/?page_id=126\",\"name\":\"Page Facili'Services Asso - Facili&#039;Services\",\"isPartOf\":{\"@id\":\"https:\/\/facili-services.fr\/#website\"},\"primaryImageOfPage\":{\"@id\":\"https:\/\/facili-services.fr\/?page_id=126#primaryimage\"},\"image\":{\"@id\":\"https:\/\/facili-services.fr\/?page_id=126#primaryimage\"},\"thumbnailUrl\":\"https:\/\/facili-services.fr\/wp-content\/uploads\/2025\/10\/image-pro-2-675x1024.jpg\",\"datePublished\":\"2025-10-15T19:51:35+00:00\",\"dateModified\":\"2026-02-14T07:23:57+00:00\",\"breadcrumb\":{\"@id\":\"https:\/\/facili-services.fr\/?page_id=126#breadcrumb\"},\"inLanguage\":\"fr-FR\",\"potentialAction\":[{\"@type\":\"ReadAction\",\"target\":[\"https:\/\/facili-services.fr\/?page_id=126\"]}]},{\"@type\":\"ImageObject\",\"inLanguage\":\"fr-FR\",\"@id\":\"https:\/\/facili-services.fr\/?page_id=126#primaryimage\",\"url\":\"https:\/\/facili-services.fr\/wp-content\/uploads\/2025\/10\/image-pro-2.jpg\",\"contentUrl\":\"https:\/\/facili-services.fr\/wp-content\/uploads\/2025\/10\/image-pro-2.jpg\",\"width\":748,\"height\":1134},{\"@type\":\"BreadcrumbList\",\"@id\":\"https:\/\/facili-services.fr\/?page_id=126#breadcrumb\",\"itemListElement\":[{\"@type\":\"ListItem\",\"position\":1,\"name\":\"Home\",\"item\":\"https:\/\/facili-services.fr\/\"},{\"@type\":\"ListItem\",\"position\":2,\"name\":\"Page Facili&rsquo;Services Asso\"}]},{\"@type\":\"WebSite\",\"@id\":\"https:\/\/facili-services.fr\/#website\",\"url\":\"https:\/\/facili-services.fr\/\",\"name\":\"Facili&#039;Services\",\"description\":\"Assistante Administrative Ind\u00e9pendante pour vos demandes de Retraite.\",\"potentialAction\":[{\"@type\":\"SearchAction\",\"target\":{\"@type\":\"EntryPoint\",\"urlTemplate\":\"https:\/\/facili-services.fr\/?s={search_term_string}\"},\"query-input\":{\"@type\":\"PropertyValueSpecification\",\"valueRequired\":true,\"valueName\":\"search_term_string\"}}],\"inLanguage\":\"fr-FR\"}]}<\/script>\n<!-- \/ Yoast SEO plugin. -->","yoast_head_json":{"title":"Page Facili'Services Asso - Facili&#039;Services","robots":{"index":"index","follow":"follow","max-snippet":"max-snippet:-1","max-image-preview":"max-image-preview:large","max-video-preview":"max-video-preview:-1"},"canonical":"https:\/\/facili-services.fr\/?page_id=126","og_locale":"fr_FR","og_type":"article","og_title":"Page Facili'Services Asso - Facili&#039;Services","og_description":"Facili&rsquo;Services Asso &#8211; Accompagnement Retraite Un appui retraite au service des habitants et des structures locales \u00a0 Comprendre sa retraite, [&hellip;]","og_url":"https:\/\/facili-services.fr\/?page_id=126","og_site_name":"Facili&#039;Services","article_modified_time":"2026-02-14T07:23:57+00:00","og_image":[{"url":"https:\/\/facili-services.fr\/wp-content\/uploads\/2025\/10\/image-pro-2-675x1024.jpg","type":"","width":"","height":""}],"twitter_card":"summary_large_image","twitter_misc":{"Dur\u00e9e de lecture estim\u00e9e":"3 minutes"},"schema":{"@context":"https:\/\/schema.org","@graph":[{"@type":"WebPage","@id":"https:\/\/facili-services.fr\/?page_id=126","url":"https:\/\/facili-services.fr\/?page_id=126","name":"Page Facili'Services Asso - Facili&#039;Services","isPartOf":{"@id":"https:\/\/facili-services.fr\/#website"},"primaryImageOfPage":{"@id":"https:\/\/facili-services.fr\/?page_id=126#primaryimage"},"image":{"@id":"https:\/\/facili-services.fr\/?page_id=126#primaryimage"},"thumbnailUrl":"https:\/\/facili-services.fr\/wp-content\/uploads\/2025\/10\/image-pro-2-675x1024.jpg","datePublished":"2025-10-15T19:51:35+00:00","dateModified":"2026-02-14T07:23:57+00:00","breadcrumb":{"@id":"https:\/\/facili-services.fr\/?page_id=126#breadcrumb"},"inLanguage":"fr-FR","potentialAction":[{"@type":"ReadAction","target":["https:\/\/facili-services.fr\/?page_id=126"]}]},{"@type":"ImageObject","inLanguage":"fr-FR","@id":"https:\/\/facili-services.fr\/?page_id=126#primaryimage","url":"https:\/\/facili-services.fr\/wp-content\/uploads\/2025\/10\/image-pro-2.jpg","contentUrl":"https:\/\/facili-services.fr\/wp-content\/uploads\/2025\/10\/image-pro-2.jpg","width":748,"height":1134},{"@type":"BreadcrumbList","@id":"https:\/\/facili-services.fr\/?page_id=126#breadcrumb","itemListElement":[{"@type":"ListItem","position":1,"name":"Home","item":"https:\/\/facili-services.fr\/"},{"@type":"ListItem","position":2,"name":"Page Facili&rsquo;Services Asso"}]},{"@type":"WebSite","@id":"https:\/\/facili-services.fr\/#website","url":"https:\/\/facili-services.fr\/","name":"Facili&#039;Services","description":"Assistante Administrative Ind\u00e9pendante pour vos demandes de Retraite.","potentialAction":[{"@type":"SearchAction","target":{"@type":"EntryPoint","urlTemplate":"https:\/\/facili-services.fr\/?s={search_term_string}"},"query-input":{"@type":"PropertyValueSpecification","valueRequired":true,"valueName":"search_term_string"}}],"inLanguage":"fr-FR"}]}},"_links":{"self":[{"href":"https:\/\/facili-services.fr\/index.php?rest_route=\/wp\/v2\/pages\/126","targetHints":{"allow":["GET"]}}],"collection":[{"href":"https:\/\/facili-services.fr\/index.php?rest_route=\/wp\/v2\/pages"}],"about":[{"href":"https:\/\/facili-services.fr\/index.php?rest_route=\/wp\/v2\/types\/page"}],"author":[{"embeddable":true,"href":"https:\/\/facili-services.fr\/index.php?rest_route=\/wp\/v2\/users\/1"}],"replies":[{"embeddable":true,"href":"https:\/\/facili-services.fr\/index.php?rest_route=%2Fwp%2Fv2%2Fcomments&post=126"}],"version-history":[{"count":72,"href":"https:\/\/facili-services.fr\/index.php?rest_route=\/wp\/v2\/pages\/126\/revisions"}],"predecessor-version":[{"id":907,"href":"https:\/\/facili-services.fr\/index.php?rest_route=\/wp\/v2\/pages\/126\/revisions\/907"}],"wp:attachment":[{"href":"https:\/\/facili-services.fr\/index.php?rest_route=%2Fwp%2Fv2%2Fmedia&parent=126"}],"curies":[{"name":"wp","href":"https:\/\/api.w.org\/{rel}","templated":true}]}}