{"id":17,"date":"2025-10-08T14:39:32","date_gmt":"2025-10-08T14:39:32","guid":{"rendered":"https:\/\/facili-services.fr\/?page_id=17"},"modified":"2026-02-16T15:20:22","modified_gmt":"2026-02-16T15:20:22","slug":"page-daccueil","status":"publish","type":"page","link":"https:\/\/facili-services.fr\/","title":{"rendered":"Accueil"},"content":{"rendered":"\t\t<div data-elementor-type=\"wp-post\" data-elementor-id=\"17\" class=\"elementor elementor-17\">\n\t\t\t\t<div class=\"elementor-element elementor-element-cfa45f6 e-flex e-con-boxed elementor-invisible e-con e-parent\" data-id=\"cfa45f6\" data-element_type=\"container\" data-e-type=\"container\" data-settings=\"{&quot;animation&quot;:&quot;zoomInDown&quot;}\">\n\t\t\t\t\t<div class=\"e-con-inner\">\n\t\t\t\t<div class=\"elementor-element elementor-element-a37424d elementor-widget elementor-widget-heading\" data-id=\"a37424d\" data-element_type=\"widget\" data-e-type=\"widget\" data-widget_type=\"heading.default\">\n\t\t\t\t\t<h2 class=\"elementor-heading-title elementor-size-default\">Comprendre sa Retraite, avancer dans ses d\u00e9marches, ne plus rester seul.\n<\/h2>\t\t\t\t<\/div>\n\t\t\t\t\t<\/div>\n\t\t\t\t<\/div>\n\t\t<div class=\"elementor-element elementor-element-75a21ab e-flex e-con-boxed e-con e-parent\" data-id=\"75a21ab\" data-element_type=\"container\" data-e-type=\"container\" data-settings=\"{&quot;background_background&quot;:&quot;slideshow&quot;,&quot;background_slideshow_gallery&quot;:[],&quot;background_slideshow_loop&quot;:&quot;yes&quot;,&quot;background_slideshow_slide_duration&quot;:5000,&quot;background_slideshow_slide_transition&quot;:&quot;fade&quot;,&quot;background_slideshow_transition_duration&quot;:500}\">\n\t\t\t\t\t<div class=\"e-con-inner\">\n\t\t\t\t<div class=\"elementor-element elementor-element-e0128a9 elementor-widget elementor-widget-text-editor\" data-id=\"e0128a9\" data-element_type=\"widget\" data-e-type=\"widget\" data-widget_type=\"text-editor.default\">\n\t\t\t\t\t\t\t\t\t<p>Nous accompagnons les personnes du secteur priv\u00e9 dans leurs d\u00e9marches retraite et administratives en ligne afin qu\u2019elles ne restent plus seules face \u00e0 leur dossier et puissent acc\u00e9der \u00e0 leurs droits en toute s\u00e9r\u00e9nit\u00e9.<\/p>\t\t\t\t\t\t\t\t<\/div>\n\t\t\t\t\t<\/div>\n\t\t\t\t<\/div>\n\t\t<div class=\"elementor-element elementor-element-0642896 e-flex e-con-boxed e-con e-parent\" data-id=\"0642896\" data-element_type=\"container\" data-e-type=\"container\" data-settings=\"{&quot;background_background&quot;:&quot;slideshow&quot;,&quot;background_slideshow_gallery&quot;:[{&quot;id&quot;:41,&quot;url&quot;:&quot;http:\\\/\\\/facili-services.fr\\\/wp-content\\\/uploads\\\/2025\\\/10\\\/peintres.avif&quot;},{&quot;id&quot;:36,&quot;url&quot;:&quot;http:\\\/\\\/facili-services.fr\\\/wp-content\\\/uploads\\\/2025\\\/10\\\/batiment.avif&quot;},{&quot;id&quot;:38,&quot;url&quot;:&quot;http:\\\/\\\/facili-services.fr\\\/wp-content\\\/uploads\\\/2025\\\/10\\\/cuisine.avif&quot;},{&quot;id&quot;:43,&quot;url&quot;:&quot;http:\\\/\\\/facili-services.fr\\\/wp-content\\\/uploads\\\/2025\\\/10\\\/securite.avif&quot;},{&quot;id&quot;:35,&quot;url&quot;:&quot;http:\\\/\\\/facili-services.fr\\\/wp-content\\\/uploads\\\/2025\\\/10\\\/balai.avif&quot;},{&quot;id&quot;:44,&quot;url&quot;:&quot;http:\\\/\\\/facili-services.fr\\\/wp-content\\\/uploads\\\/2025\\\/10\\\/voilee-ecrit.jpg&quot;},{&quot;id&quot;:94,&quot;url&quot;:&quot;http:\\\/\\\/facili-services.fr\\\/wp-content\\\/uploads\\\/2025\\\/10\\\/aide-soignante-1.avif&quot;},{&quot;id&quot;:95,&quot;url&quot;:&quot;http:\\\/\\\/facili-services.fr\\\/wp-content\\\/uploads\\\/2025\\\/10\\\/couturier-1.png&quot;},{&quot;id&quot;:96,&quot;url&quot;:&quot;http:\\\/\\\/facili-services.fr\\\/wp-content\\\/uploads\\\/2025\\\/10\\\/pharmacien-1.png&quot;},{&quot;id&quot;:97,&quot;url&quot;:&quot;http:\\\/\\\/facili-services.fr\\\/wp-content\\\/uploads\\\/2025\\\/10\\\/doc.avif&quot;},{&quot;id&quot;:98,&quot;url&quot;:&quot;http:\\\/\\\/facili-services.fr\\\/wp-content\\\/uploads\\\/2025\\\/10\\\/menuisier.avif&quot;},{&quot;id&quot;:99,&quot;url&quot;:&quot;http:\\\/\\\/facili-services.fr\\\/wp-content\\\/uploads\\\/2025\\\/10\\\/poterie.avif&quot;},{&quot;id&quot;:100,&quot;url&quot;:&quot;http:\\\/\\\/facili-services.fr\\\/wp-content\\\/uploads\\\/2025\\\/10\\\/prof2.avif&quot;}],&quot;background_slideshow_loop&quot;:&quot;yes&quot;,&quot;background_slideshow_slide_duration&quot;:5000,&quot;background_slideshow_slide_transition&quot;:&quot;fade&quot;,&quot;background_slideshow_transition_duration&quot;:500}\">\n\t\t\t\t\t<div class=\"e-con-inner\">\n\t\t\t\t<div class=\"elementor-element elementor-element-cf8d6e4 elementor-widget elementor-widget-heading\" data-id=\"cf8d6e4\" data-element_type=\"widget\" data-e-type=\"widget\" data-widget_type=\"heading.default\">\n\t\t\t\t\t<h2 class=\"elementor-heading-title elementor-size-default\">Nous sommes l\u00e0 pour vous maintenant !<\/h2>\t\t\t\t<\/div>\n\t\t\t\t\t<\/div>\n\t\t\t\t<\/div>\n\t\t<div class=\"elementor-element elementor-element-1540f59 e-flex e-con-boxed e-con e-parent\" data-id=\"1540f59\" data-element_type=\"container\" data-e-type=\"container\">\n\t\t\t\t\t<div class=\"e-con-inner\">\n\t\t<div class=\"elementor-element elementor-element-7fe67fa e-flex e-con-boxed e-con e-child\" data-id=\"7fe67fa\" data-element_type=\"container\" data-e-type=\"container\">\n\t\t\t\t\t<div class=\"e-con-inner\">\n\t\t<div class=\"elementor-element elementor-element-a5ab213 e-con-full e-flex e-con e-child\" data-id=\"a5ab213\" data-element_type=\"container\" data-e-type=\"container\">\n\t\t\t\t<div class=\"elementor-element elementor-element-2dc859d elementor-align-center elementor-tablet-align-center elementor-widget elementor-widget-button\" data-id=\"2dc859d\" data-element_type=\"widget\" data-e-type=\"widget\" data-widget_type=\"button.default\">\n\t\t\t\t\t\t\t\t\t\t<a class=\"elementor-button elementor-button-link elementor-size-sm\" href=\"https:\/\/facili-services.fr\/?page_id=126\" target=\"_blank\">\n\t\t\t\t\t\t<span class=\"elementor-button-content-wrapper\">\n\t\t\t\t\t\t\t\t\t<span class=\"elementor-button-text\">Notre Association<\/span>\n\t\t\t\t\t<\/span>\n\t\t\t\t\t<\/a>\n\t\t\t\t\t\t\t\t<\/div>\n\t\t\t\t<\/div>\n\t\t<div class=\"elementor-element elementor-element-36bfa7d e-con-full e-flex e-con e-child\" data-id=\"36bfa7d\" data-element_type=\"container\" data-e-type=\"container\">\n\t\t\t\t<div class=\"elementor-element elementor-element-4d1b2c1 elementor-align-center elementor-tablet-align-center elementor-widget elementor-widget-button\" data-id=\"4d1b2c1\" data-element_type=\"widget\" data-e-type=\"widget\" data-widget_type=\"button.default\">\n\t\t\t\t\t\t\t\t\t\t<a class=\"elementor-button elementor-button-link elementor-size-sm\" href=\"https:\/\/facili-services.fr\/?page_id=149\" target=\"_blank\">\n\t\t\t\t\t\t<span class=\"elementor-button-content-wrapper\">\n\t\t\t\t\t\t\t\t\t<span class=\"elementor-button-text\">Accompagnement Personnalis\u00e9<\/span>\n\t\t\t\t\t<\/span>\n\t\t\t\t\t<\/a>\n\t\t\t\t\t\t\t\t<\/div>\n\t\t\t\t<\/div>\n\t\t\t\t\t<\/div>\n\t\t\t\t<\/div>\n\t\t\t\t<div class=\"elementor-element elementor-element-3ba1907 e-n-tabs-mobile elementor-widget elementor-widget-n-tabs\" data-id=\"3ba1907\" data-element_type=\"widget\" data-e-type=\"widget\" data-settings=\"{&quot;tabs_justify_horizontal&quot;:&quot;center&quot;,&quot;horizontal_scroll&quot;:&quot;disable&quot;}\" data-widget_type=\"nested-tabs.default\">\n\t\t\t\t\t\t\t<div class=\"e-n-tabs\" data-widget-number=\"62527751\" aria-label=\"Onglets. Ouvrez des \u00e9l\u00e9ments avec Entrer ou Espace, fermez-les avec Echape et naviguez \u00e0 l&#039;aide des touches fl\u00e9ch\u00e9es.\">\n\t\t\t<div class=\"e-n-tabs-heading\" role=\"tablist\">\n\t\t\t\t\t<button id=\"e-n-tab-title-625277511\" data-tab-title-id=\"e-n-tab-title-625277511\" class=\"e-n-tab-title\" aria-selected=\"true\" data-tab-index=\"1\" role=\"tab\" tabindex=\"0\" aria-controls=\"e-n-tab-content-625277511\" style=\"--n-tabs-title-order: 1;\">\n\t\t\t\t\t\t<span class=\"e-n-tab-title-text\">\n\t\t\t\tNos services\t\t\t<\/span>\n\t\t<\/button>\n\t\t\t\t<button id=\"e-n-tab-title-625277512\" data-tab-title-id=\"e-n-tab-title-625277512\" class=\"e-n-tab-title\" aria-selected=\"false\" data-tab-index=\"2\" role=\"tab\" tabindex=\"-1\" aria-controls=\"e-n-tab-content-625277512\" style=\"--n-tabs-title-order: 2;\">\n\t\t\t\t\t\t<span class=\"e-n-tab-title-text\">\n\t\t\t\tVos d\u00e9marches\t\t\t<\/span>\n\t\t<\/button>\n\t\t\t\t<button id=\"e-n-tab-title-625277513\" data-tab-title-id=\"e-n-tab-title-625277513\" class=\"e-n-tab-title\" aria-selected=\"false\" data-tab-index=\"3\" role=\"tab\" tabindex=\"-1\" aria-controls=\"e-n-tab-content-625277513\" style=\"--n-tabs-title-order: 3;\">\n\t\t\t\t\t\t<span class=\"e-n-tab-title-text\">\n\t\t\t\tA savoir\t\t\t<\/span>\n\t\t<\/button>\n\t\t\t\t\t<\/div>\n\t\t\t<div class=\"e-n-tabs-content\">\n\t\t\t\t<div id=\"e-n-tab-content-625277511\" role=\"tabpanel\" aria-labelledby=\"e-n-tab-title-625277511\" data-tab-index=\"1\" style=\"--n-tabs-title-order: 1;\" class=\"e-active elementor-element elementor-element-f61a118 e-con-full e-flex e-con e-child\" data-id=\"f61a118\" data-element_type=\"container\" data-e-type=\"container\">\n\t\t\t\t<div class=\"elementor-element elementor-element-9240ebc elementor-widget elementor-widget-text-editor\" data-id=\"9240ebc\" data-element_type=\"widget\" data-e-type=\"widget\" data-widget_type=\"text-editor.default\">\n\t\t\t\t\t\t\t\t\t<p data-start=\"564\" data-end=\"634\"><br \/>Nous vous accompagnons dans toutes les \u00e9tapes de votre parcours Retraite du priv\u00e9 :<\/p><p data-start=\"639\" data-end=\"1267\">\u2022 <strong data-start=\"641\" data-end=\"674\">R\u00e9ponses \u00e0 vos interrogations<\/strong> concernant votre relev\u00e9 de Carri\u00e8re et vos droits acquis.<br data-start=\"732\" data-end=\"735\" \/>\u2022 <strong data-start=\"739\" data-end=\"778\">Estimation de votre future Retraite<\/strong>, sur la base de votre Carri\u00e8re actuelle.<br data-start=\"819\" data-end=\"822\" \/>\u2022 <strong data-start=\"826\" data-end=\"869\">R\u00e9alisation de vos demandes de Retraite<\/strong> (r\u00e9gimes de base et compl\u00e9mentaires), de <strong data-start=\"911\" data-end=\"936\">Retraite de r\u00e9version<\/strong> ou de <strong data-start=\"943\" data-end=\"1008\">demande d\u2019Allocation de\u00a0 \u00a0Solidarit\u00e9 aux Personnes \u00c2g\u00e9es (ASPA)<\/strong>.<br data-start=\"1009\" data-end=\"1012\" \/>\u2022 <strong data-start=\"1016\" data-end=\"1053\">Suivi de vos dossiers (Retraite, ASPA)<\/strong> : r\u00e9ponses aux courriers, relances, coordination avec les caisses concern\u00e9es.<br data-start=\"1131\" data-end=\"1134\" \/>\u2022 <strong data-start=\"1138\" data-end=\"1179\">\u00c9changes avec les Partenaires Sociaux<\/strong> (CAF, CRAM, France Travail) pour le traitement des courriers relatifs \u00e0 votre Retraite.<\/p>\t\t\t\t\t\t\t\t<\/div>\n\t\t\t\t<\/div>\n\t\t<div id=\"e-n-tab-content-625277512\" role=\"tabpanel\" aria-labelledby=\"e-n-tab-title-625277512\" data-tab-index=\"2\" style=\"--n-tabs-title-order: 2;\" class=\" elementor-element elementor-element-a8f9b4c e-con-full e-flex e-con e-child\" data-id=\"a8f9b4c\" data-element_type=\"container\" data-e-type=\"container\">\n\t\t<div class=\"elementor-element elementor-element-ee0c436 e-con-full e-flex e-con e-child\" data-id=\"ee0c436\" data-element_type=\"container\" data-e-type=\"container\">\n\t\t\t\t<div class=\"elementor-element elementor-element-a0b693b elementor-widget elementor-widget-text-editor\" data-id=\"a0b693b\" data-element_type=\"widget\" data-e-type=\"widget\" data-widget_type=\"text-editor.default\">\n\t\t\t\t\t\t\t\t\t<ul><li>\u00a0<strong data-start=\"454\" data-end=\"485\">R\u00e9gularisations de Carri\u00e8re<\/strong> : nous vous informons et vous orientons sur les d\u00e9marches \u00e0 effectuer en cas d\u2019erreurs ou de manques dans votre relev\u00e9.<\/li><li><strong data-start=\"606\" data-end=\"639\">Transmission de vos documents<\/strong> : nous <strong data-start=\"650\" data-end=\"686\">scannons et d\u00e9posons vos courriers<\/strong> dans vos espaces personnels (Assurance Retraite, Agirc-Arrco, etc.), mais <strong>nous ne proc\u00e9dons pas \u00e0 l\u2019envoi postal de vos documents<\/strong>.<\/li><li><strong data-start=\"830\" data-end=\"848\">Acc\u00e8s en ligne<\/strong> : certaines d\u00e9marches ne peuvent \u00eatre r\u00e9alis\u00e9es <strong data-start=\"897\" data-end=\"955\">que si vous disposez de vos identifiants FranceConnect<\/strong>.<br data-start=\"956\" data-end=\"959\" data-is-only-node=\"\" \/>Si vous ne les avez pas, nous vous guidons pour en cr\u00e9er ou les r\u00e9cup\u00e9rer.<\/li><\/ul>\t\t\t\t\t\t\t\t<\/div>\n\t\t\t\t<\/div>\n\t\t\t\t<\/div>\n\t\t<div id=\"e-n-tab-content-625277513\" role=\"tabpanel\" aria-labelledby=\"e-n-tab-title-625277513\" data-tab-index=\"3\" style=\"--n-tabs-title-order: 3;\" class=\" elementor-element elementor-element-ee06ef6 e-con-full e-flex e-con e-child\" data-id=\"ee06ef6\" data-element_type=\"container\" data-e-type=\"container\">\n\t\t\t\t<div class=\"elementor-element elementor-element-6d0cabb elementor-widget__width-inherit elementor-widget elementor-widget-text-editor\" data-id=\"6d0cabb\" data-element_type=\"widget\" data-e-type=\"widget\" data-widget_type=\"text-editor.default\">\n\t\t\t\t\t\t\t\t\t<p data-start=\"479\" data-end=\"559\">\u2022 Les <strong data-start=\"485\" data-end=\"509\">demandes de retraite<\/strong> (Assurance Retraite et AGIRC-ARRCO) se d\u00e9posent :<\/p><ul data-start=\"564\" data-end=\"699\"><li data-start=\"564\" data-end=\"630\"><p data-start=\"566\" data-end=\"630\"><strong data-start=\"566\" data-end=\"582\">6 mois avant<\/strong> la date de d\u00e9part souhait\u00e9e, <strong data-start=\"611\" data-end=\"627\">par courrier<\/strong><\/p><\/li><li data-start=\"635\" data-end=\"697\"><p data-start=\"637\" data-end=\"697\"><strong data-start=\"637\" data-end=\"653\">5 mois avant<\/strong> si la demande est effectu\u00e9e <strong data-start=\"682\" data-end=\"694\">en ligne<\/strong><\/p><\/li><\/ul><p data-start=\"702\" data-end=\"728\">\u2022 <strong><span style=\"text-decoration: underline;\">Coordonn\u00e9es utiles :<\/span><\/strong><\/p><p data-start=\"735\" data-end=\"875\">\ud83c\udfe2 <strong data-start=\"738\" data-end=\"760\">Assurance Retraite<\/strong><br data-start=\"760\" data-end=\"763\" \/>\ud83d\udcde 3960 (prix d\u2019un appel local depuis un poste fixe)<br data-start=\"819\" data-end=\"822\" \/>\u2709\ufe0f CNAV \u2013 CS 70009 \u2013 93166 Noisy-le-Grand Cedex<\/p><p data-start=\"882\" data-end=\"1005\">\ud83c\udfe2 <strong data-start=\"885\" data-end=\"900\">AGIRC-ARRCO<\/strong><br data-start=\"900\" data-end=\"903\" \/>\ud83d\udcde 0970 660 660<br data-start=\"922\" data-end=\"925\" \/>\u2709\ufe0f Centre de r\u00e9ception AGIRC-ARRCO \u2013 TSA 36661 \u2013 92621 Gennevilliers Cedex<\/p><p data-start=\"1010\" data-end=\"1169\">\u2022 Les d\u00e9lais de traitement peuvent varier selon les r\u00e9gimes.<br data-start=\"1070\" data-end=\"1073\" \/>\ud83d\udc49 Il est donc <strong data-start=\"1092\" data-end=\"1132\">recommand\u00e9 d\u2019anticiper vos d\u00e9marches<\/strong> pour \u00e9viter tout retard de paiement.<\/p><p><span style=\"text-wrap-mode: initial; letter-spacing: -0.1px;\">\u00a0<\/span><\/p>\t\t\t\t\t\t\t\t<\/div>\n\t\t\t\t<\/div>\n\t\t\t\t\t<\/div>\n\t\t<\/div>\n\t\t\t\t\t\t<\/div>\n\t\t\t\t\t<\/div>\n\t\t\t\t<\/div>\n\t\t\t\t<\/div>\n\t\t","protected":false},"excerpt":{"rendered":"<p>Comprendre sa Retraite, avancer dans ses d\u00e9marches, ne plus rester seul. Nous accompagnons les personnes du secteur priv\u00e9 dans leurs [&hellip;]<\/p>\n","protected":false},"author":1,"featured_media":0,"parent":0,"menu_order":0,"comment_status":"closed","ping_status":"closed","template":"elementor_header_footer","meta":{"om_disable_all_campaigns":false,"_monsterinsights_skip_tracking":false,"_monsterinsights_sitenote_active":false,"_monsterinsights_sitenote_note":"","_monsterinsights_sitenote_category":0,"site-sidebar-layout":"default","site-content-layout":"","ast-site-content-layout":"default","site-content-style":"default","site-sidebar-style":"default","ast-global-header-display":"","ast-banner-title-visibility":"","ast-main-header-display":"","ast-hfb-above-header-display":"","ast-hfb-below-header-display":"","ast-hfb-mobile-header-display":"","site-post-title":"disabled","ast-breadcrumbs-content":"","ast-featured-img":"","footer-sml-layout":"","theme-transparent-header-meta":"","adv-header-id-meta":"","stick-header-meta":"","header-above-stick-meta":"","header-main-stick-meta":"","header-below-stick-meta":"","astra-migrate-meta-layouts":"default","ast-page-background-enabled":"default","ast-page-background-meta":{"desktop":{"background-color":"var(--ast-global-color-5)","background-image":"","background-repeat":"repeat","background-position":"center center","background-size":"auto","background-attachment":"scroll","background-type":"","background-media":"","overlay-type":"","overlay-color":"","overlay-opacity":"","overlay-gradient":""},"tablet":{"background-color":"","background-image":"","background-repeat":"repeat","background-position":"center center","background-size":"auto","background-attachment":"scroll","background-type":"","background-media":"","overlay-type":"","overlay-color":"","overlay-opacity":"","overlay-gradient":""},"mobile":{"background-color":"","background-image":"","background-repeat":"repeat","background-position":"center center","background-size":"auto","background-attachment":"scroll","background-type":"","background-media":"","overlay-type":"","overlay-color":"","overlay-opacity":"","overlay-gradient":""}},"ast-content-background-meta":{"desktop":{"background-color":"var(--ast-global-color-4)","background-image":"","background-repeat":"repeat","background-position":"center center","background-size":"auto","background-attachment":"scroll","background-type":"","background-media":"","overlay-type":"","overlay-color":"","overlay-opacity":"","overlay-gradient":""},"tablet":{"background-color":"var(--ast-global-color-4)","background-image":"","background-repeat":"repeat","background-position":"center center","background-size":"auto","background-attachment":"scroll","background-type":"","background-media":"","overlay-type":"","overlay-color":"","overlay-opacity":"","overlay-gradient":""},"mobile":{"background-color":"var(--ast-global-color-4)","background-image":"","background-repeat":"repeat","background-position":"center center","background-size":"auto","background-attachment":"scroll","background-type":"","background-media":"","overlay-type":"","overlay-color":"","overlay-opacity":"","overlay-gradient":""}},"footnotes":""},"class_list":["post-17","page","type-page","status-publish","hentry"],"yoast_head":"<!-- This site is optimized with the Yoast SEO plugin v26.9 - https:\/\/yoast.com\/product\/yoast-seo-wordpress\/ -->\n<title>Accueil - Facili&#039;Services<\/title>\n<meta name=\"robots\" content=\"index, follow, max-snippet:-1, max-image-preview:large, max-video-preview:-1\" \/>\n<link rel=\"canonical\" href=\"https:\/\/facili-services.fr\/\" \/>\n<meta property=\"og:locale\" content=\"fr_FR\" \/>\n<meta property=\"og:type\" content=\"article\" \/>\n<meta property=\"og:title\" content=\"Accueil - Facili&#039;Services\" \/>\n<meta property=\"og:description\" content=\"Comprendre sa Retraite, avancer dans ses d\u00e9marches, ne plus rester seul. Nous accompagnons les personnes du secteur priv\u00e9 dans leurs [&hellip;]\" \/>\n<meta property=\"og:url\" content=\"https:\/\/facili-services.fr\/\" \/>\n<meta property=\"og:site_name\" content=\"Facili&#039;Services\" \/>\n<meta property=\"article:modified_time\" content=\"2026-02-16T15:20:22+00:00\" \/>\n<meta name=\"twitter:card\" content=\"summary_large_image\" \/>\n<meta name=\"twitter:label1\" content=\"Dur\u00e9e de lecture estim\u00e9e\" \/>\n\t<meta name=\"twitter:data1\" content=\"6 minutes\" \/>\n<script type=\"application\/ld+json\" class=\"yoast-schema-graph\">{\"@context\":\"https:\/\/schema.org\",\"@graph\":[{\"@type\":\"WebPage\",\"@id\":\"https:\/\/facili-services.fr\/\",\"url\":\"https:\/\/facili-services.fr\/\",\"name\":\"Accueil - Facili&#039;Services\",\"isPartOf\":{\"@id\":\"https:\/\/facili-services.fr\/#website\"},\"datePublished\":\"2025-10-08T14:39:32+00:00\",\"dateModified\":\"2026-02-16T15:20:22+00:00\",\"breadcrumb\":{\"@id\":\"https:\/\/facili-services.fr\/#breadcrumb\"},\"inLanguage\":\"fr-FR\",\"potentialAction\":[{\"@type\":\"ReadAction\",\"target\":[\"https:\/\/facili-services.fr\/\"]}]},{\"@type\":\"BreadcrumbList\",\"@id\":\"https:\/\/facili-services.fr\/#breadcrumb\",\"itemListElement\":[{\"@type\":\"ListItem\",\"position\":1,\"name\":\"Home\",\"item\":\"https:\/\/facili-services.fr\/\"},{\"@type\":\"ListItem\",\"position\":2,\"name\":\"Accueil\"}]},{\"@type\":\"WebSite\",\"@id\":\"https:\/\/facili-services.fr\/#website\",\"url\":\"https:\/\/facili-services.fr\/\",\"name\":\"Facili&#039;Services\",\"description\":\"Assistante Administrative Ind\u00e9pendante pour vos demandes de Retraite.\",\"potentialAction\":[{\"@type\":\"SearchAction\",\"target\":{\"@type\":\"EntryPoint\",\"urlTemplate\":\"https:\/\/facili-services.fr\/?s={search_term_string}\"},\"query-input\":{\"@type\":\"PropertyValueSpecification\",\"valueRequired\":true,\"valueName\":\"search_term_string\"}}],\"inLanguage\":\"fr-FR\"}]}<\/script>\n<!-- \/ Yoast SEO plugin. -->","yoast_head_json":{"title":"Accueil - Facili&#039;Services","robots":{"index":"index","follow":"follow","max-snippet":"max-snippet:-1","max-image-preview":"max-image-preview:large","max-video-preview":"max-video-preview:-1"},"canonical":"https:\/\/facili-services.fr\/","og_locale":"fr_FR","og_type":"article","og_title":"Accueil - Facili&#039;Services","og_description":"Comprendre sa Retraite, avancer dans ses d\u00e9marches, ne plus rester seul. Nous accompagnons les personnes du secteur priv\u00e9 dans leurs [&hellip;]","og_url":"https:\/\/facili-services.fr\/","og_site_name":"Facili&#039;Services","article_modified_time":"2026-02-16T15:20:22+00:00","twitter_card":"summary_large_image","twitter_misc":{"Dur\u00e9e de lecture estim\u00e9e":"6 minutes"},"schema":{"@context":"https:\/\/schema.org","@graph":[{"@type":"WebPage","@id":"https:\/\/facili-services.fr\/","url":"https:\/\/facili-services.fr\/","name":"Accueil - Facili&#039;Services","isPartOf":{"@id":"https:\/\/facili-services.fr\/#website"},"datePublished":"2025-10-08T14:39:32+00:00","dateModified":"2026-02-16T15:20:22+00:00","breadcrumb":{"@id":"https:\/\/facili-services.fr\/#breadcrumb"},"inLanguage":"fr-FR","potentialAction":[{"@type":"ReadAction","target":["https:\/\/facili-services.fr\/"]}]},{"@type":"BreadcrumbList","@id":"https:\/\/facili-services.fr\/#breadcrumb","itemListElement":[{"@type":"ListItem","position":1,"name":"Home","item":"https:\/\/facili-services.fr\/"},{"@type":"ListItem","position":2,"name":"Accueil"}]},{"@type":"WebSite","@id":"https:\/\/facili-services.fr\/#website","url":"https:\/\/facili-services.fr\/","name":"Facili&#039;Services","description":"Assistante Administrative Ind\u00e9pendante pour vos demandes de Retraite.","potentialAction":[{"@type":"SearchAction","target":{"@type":"EntryPoint","urlTemplate":"https:\/\/facili-services.fr\/?s={search_term_string}"},"query-input":{"@type":"PropertyValueSpecification","valueRequired":true,"valueName":"search_term_string"}}],"inLanguage":"fr-FR"}]}},"_links":{"self":[{"href":"https:\/\/facili-services.fr\/index.php?rest_route=\/wp\/v2\/pages\/17","targetHints":{"allow":["GET"]}}],"collection":[{"href":"https:\/\/facili-services.fr\/index.php?rest_route=\/wp\/v2\/pages"}],"about":[{"href":"https:\/\/facili-services.fr\/index.php?rest_route=\/wp\/v2\/types\/page"}],"author":[{"embeddable":true,"href":"https:\/\/facili-services.fr\/index.php?rest_route=\/wp\/v2\/users\/1"}],"replies":[{"embeddable":true,"href":"https:\/\/facili-services.fr\/index.php?rest_route=%2Fwp%2Fv2%2Fcomments&post=17"}],"version-history":[{"count":156,"href":"https:\/\/facili-services.fr\/index.php?rest_route=\/wp\/v2\/pages\/17\/revisions"}],"predecessor-version":[{"id":976,"href":"https:\/\/facili-services.fr\/index.php?rest_route=\/wp\/v2\/pages\/17\/revisions\/976"}],"wp:attachment":[{"href":"https:\/\/facili-services.fr\/index.php?rest_route=%2Fwp%2Fv2%2Fmedia&parent=17"}],"curies":[{"name":"wp","href":"https:\/\/api.w.org\/{rel}","templated":true}]}}