{"id":774,"date":"2025-12-13T08:03:41","date_gmt":"2025-12-13T08:03:41","guid":{"rendered":"https:\/\/facili-services.fr\/?page_id=774"},"modified":"2026-02-15T17:38:46","modified_gmt":"2026-02-15T17:38:46","slug":"mentions-legales","status":"publish","type":"page","link":"https:\/\/facili-services.fr\/?page_id=774","title":{"rendered":"Mentions l\u00e9gales"},"content":{"rendered":"\t\t<div data-elementor-type=\"wp-page\" data-elementor-id=\"774\" class=\"elementor elementor-774\">\n\t\t\t\t<div class=\"elementor-element elementor-element-bce35bf e-flex e-con-boxed e-con e-parent\" data-id=\"bce35bf\" data-element_type=\"container\" data-e-type=\"container\">\n\t\t\t\t\t<div class=\"e-con-inner\">\n\t\t\t\t<div class=\"elementor-element elementor-element-8861254 elementor-widget elementor-widget-heading\" data-id=\"8861254\" data-element_type=\"widget\" data-e-type=\"widget\" data-widget_type=\"heading.default\">\n\t\t\t\t\t<h2 class=\"elementor-heading-title elementor-size-default\">Mentions l\u00e9gales<\/h2>\t\t\t\t<\/div>\n\t\t\t\t\t<\/div>\n\t\t\t\t<\/div>\n\t\t<div class=\"elementor-element elementor-element-d0e45ae e-flex e-con-boxed e-con e-parent\" data-id=\"d0e45ae\" data-element_type=\"container\" data-e-type=\"container\">\n\t\t\t\t\t<div class=\"e-con-inner\">\n\t\t\t\t<div class=\"elementor-element elementor-element-a81b84f elementor-widget elementor-widget-text-editor\" data-id=\"a81b84f\" data-element_type=\"widget\" data-e-type=\"widget\" data-widget_type=\"text-editor.default\">\n\t\t\t\t\t\t\t\t\t<p data-start=\"369\" data-end=\"594\"><strong data-start=\"369\" data-end=\"390\">\u00c9diteur du site :<\/strong><br data-start=\"390\" data-end=\"393\" \/>Nom :\u00a0 FACILI&rsquo;SERVICES<br data-start=\"431\" data-end=\"434\" \/>Forme juridique :\u00a0 Micro-entreprise<br data-start=\"468\" data-end=\"471\" \/>SIRET :\u00a0 993771112 00014<br data-start=\"493\" data-end=\"496\" \/>Mail :\u00a0<a href=\"mailto:l.diebold@facili-services.fr\"><span style=\"font-size: 16px; font-style: normal; font-weight: 400;\">l<\/span><span style=\"font-size: 16px;\">.dieb<\/span><span style=\"font-size: 16px;\">old@facili-services.fr<\/span><\/a><\/p><p data-start=\"369\" data-end=\"594\"><br data-start=\"556\" data-end=\"559\" \/><strong data-start=\"596\" data-end=\"629\">Directrice de la publication :<\/strong><br data-start=\"629\" data-end=\"632\" \/>Diebold Laurie<\/p><p data-start=\"649\" data-end=\"802\"><strong data-start=\"649\" data-end=\"664\">H\u00e9bergeur :<\/strong><br data-start=\"664\" data-end=\"667\" \/>OVH SAS<br data-start=\"443\" data-end=\"446\" \/>2 rue Kellermann<br data-start=\"462\" data-end=\"465\" \/>59100 Roubaix \u2013 France<br data-start=\"487\" data-end=\"490\" \/>T\u00e9l\u00e9phone : 1007<br data-start=\"506\" data-end=\"509\" \/>Site web : <a class=\"decorated-link\" href=\"https:\/\/www.ovhcloud.com\" target=\"_new\" rel=\"noopener\" data-start=\"520\" data-end=\"544\">https:\/\/www.ovhcloud.com<\/a><\/p><h2 data-start=\"607\" data-end=\"638\">\u00a0<\/h2><h2 data-start=\"607\" data-end=\"638\">Pr\u00e9sentation des activit\u00e9s<\/h2><p data-start=\"639\" data-end=\"682\">Le pr\u00e9sent site a pour objet de pr\u00e9senter :<\/p><ul data-start=\"684\" data-end=\"896\"><li data-start=\"684\" data-end=\"779\"><p data-start=\"686\" data-end=\"779\">les actions et informations relatives \u00e0 l\u2019association <span class=\"hover:entity-accent entity-underline inline cursor-pointer align-baseline\"><span class=\"whitespace-normal\">Facili&rsquo;Services Asso<\/span><\/span><\/p><\/li><li data-start=\"780\" data-end=\"896\"><p data-start=\"782\" data-end=\"896\">ainsi que l\u2019activit\u00e9 professionnelle d\u2019accompagnement administratif exerc\u00e9e par Facili\u2019Services (micro-entreprise)<\/p><\/li><\/ul><h4 data-start=\"546\" data-end=\"563\">Association<\/h4><p><strong>Facili&rsquo;Services Asso<\/strong><br \/>Association loi 1901<br \/>RNA : W941020985<br \/>Publication au Journal Officiel des Associations (JOAFE) : en cours<br \/>Si\u00e8ge social : chez le Pr\u00e9sident &#8211; 94600 Choisy le Roi<br \/>Mail : <a href=\"mailto:asso@facili-services.fr\">asso@facili-services.fr<\/a><\/p><p data-start=\"674\" data-end=\"802\">L\u2019association propose des permanences d\u2019information, d\u2019orientation et d\u2019accompagnement administratif dans un cadre non lucratif.<\/p><p data-start=\"804\" data-end=\"1026\">Certains accompagnements individualis\u00e9s peuvent relever d\u2019une activit\u00e9 professionnelle distincte exerc\u00e9e par la micro-entreprise Facili\u2019Services.<br data-start=\"949\" data-end=\"952\" \/>Ces prestations font l\u2019objet de Conditions G\u00e9n\u00e9rales de Vente sp\u00e9cifiques.<\/p><hr data-start=\"1428\" data-end=\"1431\" \/><h2 data-start=\"1433\" data-end=\"1462\">Propri\u00e9t\u00e9 intellectuelle<\/h2><p data-start=\"1463\" data-end=\"1693\">L\u2019ensemble des contenus pr\u00e9sents sur ce site (textes, images, logos) est la propri\u00e9t\u00e9 exclusive de Facili\u2019Services, sauf mention contraire.<br data-start=\"1602\" data-end=\"1605\" \/>Toute reproduction totale ou partielle est interdite sans autorisation \u00e9crite pr\u00e9alable.<\/p><hr data-start=\"1695\" data-end=\"1698\" \/><h2 data-start=\"1700\" data-end=\"1719\">Responsabilit\u00e9<\/h2><p data-start=\"1720\" data-end=\"1936\">Les informations diffus\u00e9es sur ce site sont fournies \u00e0 titre indicatif.<br data-start=\"1791\" data-end=\"1794\" \/>L\u2019activit\u00e9 d\u2019accompagnement administratif et retraite est r\u00e9alis\u00e9e avec soin, mais ne se substitue pas aux d\u00e9cisions des organismes officiels.<\/p><p data-start=\"1938\" data-end=\"2075\">L\u2019\u00e9diteur ne peut garantir l\u2019exactitude ou l\u2019exhaustivit\u00e9 des informations transmises par les utilisateurs ou issues de sources externes.<\/p>\t\t\t\t\t\t\t\t<\/div>\n\t\t\t\t\t<\/div>\n\t\t\t\t<\/div>\n\t\t\t\t<\/div>\n\t\t","protected":false},"excerpt":{"rendered":"<p>Mentions l\u00e9gales \u00c9diteur du site :Nom :\u00a0 FACILI&rsquo;SERVICESForme juridique :\u00a0 Micro-entrepriseSIRET :\u00a0 993771112 00014Mail :\u00a0l.diebold@facili-services.fr Directrice de la publication :Diebold [&hellip;]<\/p>\n","protected":false},"author":1,"featured_media":0,"parent":0,"menu_order":0,"comment_status":"closed","ping_status":"closed","template":"","meta":{"om_disable_all_campaigns":false,"_monsterinsights_skip_tracking":false,"_monsterinsights_sitenote_active":false,"_monsterinsights_sitenote_note":"","_monsterinsights_sitenote_category":0,"site-sidebar-layout":"no-sidebar","site-content-layout":"","ast-site-content-layout":"full-width-container","site-content-style":"default","site-sidebar-style":"default","ast-global-header-display":"","ast-banner-title-visibility":"","ast-main-header-display":"","ast-hfb-above-header-display":"","ast-hfb-below-header-display":"","ast-hfb-mobile-header-display":"","site-post-title":"","ast-breadcrumbs-content":"","ast-featured-img":"disabled","footer-sml-layout":"","theme-transparent-header-meta":"","adv-header-id-meta":"","stick-header-meta":"","header-above-stick-meta":"","header-main-stick-meta":"","header-below-stick-meta":"","astra-migrate-meta-layouts":"default","ast-page-background-enabled":"default","ast-page-background-meta":{"desktop":{"background-color":"var(--ast-global-color-5)","background-image":"","background-repeat":"repeat","background-position":"center center","background-size":"auto","background-attachment":"scroll","background-type":"","background-media":"","overlay-type":"","overlay-color":"","overlay-opacity":"","overlay-gradient":""},"tablet":{"background-color":"","background-image":"","background-repeat":"repeat","background-position":"center center","background-size":"auto","background-attachment":"scroll","background-type":"","background-media":"","overlay-type":"","overlay-color":"","overlay-opacity":"","overlay-gradient":""},"mobile":{"background-color":"","background-image":"","background-repeat":"repeat","background-position":"center center","background-size":"auto","background-attachment":"scroll","background-type":"","background-media":"","overlay-type":"","overlay-color":"","overlay-opacity":"","overlay-gradient":""}},"ast-content-background-meta":{"desktop":{"background-color":"var(--ast-global-color-4)","background-image":"","background-repeat":"repeat","background-position":"center center","background-size":"auto","background-attachment":"scroll","background-type":"","background-media":"","overlay-type":"","overlay-color":"","overlay-opacity":"","overlay-gradient":""},"tablet":{"background-color":"var(--ast-global-color-4)","background-image":"","background-repeat":"repeat","background-position":"center center","background-size":"auto","background-attachment":"scroll","background-type":"","background-media":"","overlay-type":"","overlay-color":"","overlay-opacity":"","overlay-gradient":""},"mobile":{"background-color":"var(--ast-global-color-4)","background-image":"","background-repeat":"repeat","background-position":"center center","background-size":"auto","background-attachment":"scroll","background-type":"","background-media":"","overlay-type":"","overlay-color":"","overlay-opacity":"","overlay-gradient":""}},"footnotes":""},"class_list":["post-774","page","type-page","status-publish","hentry"],"yoast_head":"<!-- This site is optimized with the Yoast SEO plugin v26.9 - https:\/\/yoast.com\/product\/yoast-seo-wordpress\/ -->\n<title>Mentions l\u00e9gales - Facili&#039;Services<\/title>\n<meta name=\"robots\" content=\"index, follow, max-snippet:-1, max-image-preview:large, max-video-preview:-1\" \/>\n<link rel=\"canonical\" href=\"https:\/\/facili-services.fr\/?page_id=774\" \/>\n<meta property=\"og:locale\" content=\"fr_FR\" \/>\n<meta property=\"og:type\" content=\"article\" \/>\n<meta property=\"og:title\" content=\"Mentions l\u00e9gales - Facili&#039;Services\" \/>\n<meta property=\"og:description\" content=\"Mentions l\u00e9gales \u00c9diteur du site :Nom :\u00a0 FACILI&rsquo;SERVICESForme juridique :\u00a0 Micro-entrepriseSIRET :\u00a0 993771112 00014Mail :\u00a0l.diebold@facili-services.fr Directrice de la publication :Diebold [&hellip;]\" \/>\n<meta property=\"og:url\" content=\"https:\/\/facili-services.fr\/?page_id=774\" \/>\n<meta property=\"og:site_name\" content=\"Facili&#039;Services\" \/>\n<meta property=\"article:modified_time\" content=\"2026-02-15T17:38:46+00:00\" \/>\n<meta name=\"twitter:card\" content=\"summary_large_image\" \/>\n<meta name=\"twitter:label1\" content=\"Dur\u00e9e de lecture estim\u00e9e\" \/>\n\t<meta name=\"twitter:data1\" content=\"2 minutes\" \/>\n<script type=\"application\/ld+json\" class=\"yoast-schema-graph\">{\"@context\":\"https:\/\/schema.org\",\"@graph\":[{\"@type\":\"WebPage\",\"@id\":\"https:\/\/facili-services.fr\/?page_id=774\",\"url\":\"https:\/\/facili-services.fr\/?page_id=774\",\"name\":\"Mentions l\u00e9gales - Facili&#039;Services\",\"isPartOf\":{\"@id\":\"https:\/\/facili-services.fr\/#website\"},\"datePublished\":\"2025-12-13T08:03:41+00:00\",\"dateModified\":\"2026-02-15T17:38:46+00:00\",\"breadcrumb\":{\"@id\":\"https:\/\/facili-services.fr\/?page_id=774#breadcrumb\"},\"inLanguage\":\"fr-FR\",\"potentialAction\":[{\"@type\":\"ReadAction\",\"target\":[\"https:\/\/facili-services.fr\/?page_id=774\"]}]},{\"@type\":\"BreadcrumbList\",\"@id\":\"https:\/\/facili-services.fr\/?page_id=774#breadcrumb\",\"itemListElement\":[{\"@type\":\"ListItem\",\"position\":1,\"name\":\"Home\",\"item\":\"https:\/\/facili-services.fr\/\"},{\"@type\":\"ListItem\",\"position\":2,\"name\":\"Mentions l\u00e9gales\"}]},{\"@type\":\"WebSite\",\"@id\":\"https:\/\/facili-services.fr\/#website\",\"url\":\"https:\/\/facili-services.fr\/\",\"name\":\"Facili&#039;Services\",\"description\":\"Assistante Administrative Ind\u00e9pendante pour vos demandes de Retraite.\",\"potentialAction\":[{\"@type\":\"SearchAction\",\"target\":{\"@type\":\"EntryPoint\",\"urlTemplate\":\"https:\/\/facili-services.fr\/?s={search_term_string}\"},\"query-input\":{\"@type\":\"PropertyValueSpecification\",\"valueRequired\":true,\"valueName\":\"search_term_string\"}}],\"inLanguage\":\"fr-FR\"}]}<\/script>\n<!-- \/ Yoast SEO plugin. -->","yoast_head_json":{"title":"Mentions l\u00e9gales - Facili&#039;Services","robots":{"index":"index","follow":"follow","max-snippet":"max-snippet:-1","max-image-preview":"max-image-preview:large","max-video-preview":"max-video-preview:-1"},"canonical":"https:\/\/facili-services.fr\/?page_id=774","og_locale":"fr_FR","og_type":"article","og_title":"Mentions l\u00e9gales - Facili&#039;Services","og_description":"Mentions l\u00e9gales \u00c9diteur du site :Nom :\u00a0 FACILI&rsquo;SERVICESForme juridique :\u00a0 Micro-entrepriseSIRET :\u00a0 993771112 00014Mail :\u00a0l.diebold@facili-services.fr Directrice de la publication :Diebold [&hellip;]","og_url":"https:\/\/facili-services.fr\/?page_id=774","og_site_name":"Facili&#039;Services","article_modified_time":"2026-02-15T17:38:46+00:00","twitter_card":"summary_large_image","twitter_misc":{"Dur\u00e9e de lecture estim\u00e9e":"2 minutes"},"schema":{"@context":"https:\/\/schema.org","@graph":[{"@type":"WebPage","@id":"https:\/\/facili-services.fr\/?page_id=774","url":"https:\/\/facili-services.fr\/?page_id=774","name":"Mentions l\u00e9gales - Facili&#039;Services","isPartOf":{"@id":"https:\/\/facili-services.fr\/#website"},"datePublished":"2025-12-13T08:03:41+00:00","dateModified":"2026-02-15T17:38:46+00:00","breadcrumb":{"@id":"https:\/\/facili-services.fr\/?page_id=774#breadcrumb"},"inLanguage":"fr-FR","potentialAction":[{"@type":"ReadAction","target":["https:\/\/facili-services.fr\/?page_id=774"]}]},{"@type":"BreadcrumbList","@id":"https:\/\/facili-services.fr\/?page_id=774#breadcrumb","itemListElement":[{"@type":"ListItem","position":1,"name":"Home","item":"https:\/\/facili-services.fr\/"},{"@type":"ListItem","position":2,"name":"Mentions l\u00e9gales"}]},{"@type":"WebSite","@id":"https:\/\/facili-services.fr\/#website","url":"https:\/\/facili-services.fr\/","name":"Facili&#039;Services","description":"Assistante Administrative Ind\u00e9pendante pour vos demandes de Retraite.","potentialAction":[{"@type":"SearchAction","target":{"@type":"EntryPoint","urlTemplate":"https:\/\/facili-services.fr\/?s={search_term_string}"},"query-input":{"@type":"PropertyValueSpecification","valueRequired":true,"valueName":"search_term_string"}}],"inLanguage":"fr-FR"}]}},"_links":{"self":[{"href":"https:\/\/facili-services.fr\/index.php?rest_route=\/wp\/v2\/pages\/774","targetHints":{"allow":["GET"]}}],"collection":[{"href":"https:\/\/facili-services.fr\/index.php?rest_route=\/wp\/v2\/pages"}],"about":[{"href":"https:\/\/facili-services.fr\/index.php?rest_route=\/wp\/v2\/types\/page"}],"author":[{"embeddable":true,"href":"https:\/\/facili-services.fr\/index.php?rest_route=\/wp\/v2\/users\/1"}],"replies":[{"embeddable":true,"href":"https:\/\/facili-services.fr\/index.php?rest_route=%2Fwp%2Fv2%2Fcomments&post=774"}],"version-history":[{"count":19,"href":"https:\/\/facili-services.fr\/index.php?rest_route=\/wp\/v2\/pages\/774\/revisions"}],"predecessor-version":[{"id":957,"href":"https:\/\/facili-services.fr\/index.php?rest_route=\/wp\/v2\/pages\/774\/revisions\/957"}],"wp:attachment":[{"href":"https:\/\/facili-services.fr\/index.php?rest_route=%2Fwp%2Fv2%2Fmedia&parent=774"}],"curies":[{"name":"wp","href":"https:\/\/api.w.org\/{rel}","templated":true}]}}